{"id":15,"date":"2026-03-11T16:55:30","date_gmt":"2026-03-11T16:55:30","guid":{"rendered":"https:\/\/pixelcampus.es\/mireya\/index.php\/about\/"},"modified":"2026-03-11T17:13:27","modified_gmt":"2026-03-11T17:13:27","slug":"about","status":"publish","type":"page","link":"https:\/\/pixelblackcursos.es\/mireya\/about\/","title":{"rendered":"About"},"content":{"rendered":"\r\n<div class=\"wp-block-uagb-container uagb-block-e5972208 alignfull uagb-is-root-container\">\r\n<div class=\"uagb-container-inner-blocks-wrap\">\r\n<div class=\"wp-block-uagb-advanced-heading uagb-block-b371cc12\">\r\n<p class=\"uagb-desc-text\">Bienvenido<\/p>\r\n<h1 class=\"uagb-heading-text\">Descubre la esencia de Bejewell y su pasi\u00f3n por las joyas<\/h1>\r\n<\/div>\r\n<\/div>\r\n<\/div>\r\n\r\n\r\n\r\n<div class=\"wp-block-uagb-container uagb-block-28fa86dc alignfull uagb-is-root-container\">\r\n<div class=\"uagb-container-inner-blocks-wrap\">\r\n<div class=\"wp-block-uagb-container uagb-block-18062607\">\r\n<div class=\"wp-block-uagb-image uagb-block-0be442bf wp-block-uagb-image--layout-default wp-block-uagb-image--effect-static wp-block-uagb-image--align-none\">\r\n<figure class=\"wp-block-uagb-image__figure\"><img fetchpriority=\"high\" decoding=\"async\" class=\"uag-image-55\" title=\"about-us\" role=\"img\" src=\"https:\/\/pixelcampus.es\/mireya\/wp-content\/uploads\/2026\/03\/f3dafb1a05dda4b828f5f5cef7d0e266.jpg\" sizes=\"(max-width: 480px) 150px\" srcset=\"https:\/\/pixelcampus.es\/mireya\/wp-content\/uploads\/2026\/03\/f3dafb1a05dda4b828f5f5cef7d0e266.jpg ,https:\/\/pixelcampus.es\/mireya\/wp-content\/uploads\/2026\/03\/f3dafb1a05dda4b828f5f5cef7d0e266.jpg 780w, https:\/\/pixelcampus.es\/mireya\/wp-content\/uploads\/2026\/03\/f3dafb1a05dda4b828f5f5cef7d0e266.jpg 360w\" alt=\"f3dafb1a05dda4b828f5f5cef7d0e266\" width=\"560\" height=\"500\" \/><\/figure>\r\n<\/div>\r\n\r\n\r\n\r\n<div class=\"wp-block-uagb-container uagb-block-ea15cb0a\">\r\n<div class=\"wp-block-uagb-container uagb-block-bc8fb7c9\">\r\n<div class=\"wp-block-uagb-counter uagb-block-d1f2f60b wp-block-uagb-counter--number\">\r\n<div class=\"wp-block-uagb-counter__title\">\u00a0<\/div>\r\n<\/div>\r\n<\/div>\r\n\r\n\r\n\r\n<div class=\"wp-block-uagb-container uagb-block-733a60e1\">\r\n<div class=\"wp-block-uagb-counter uagb-block-6c75e0ad wp-block-uagb-counter--number\">\r\n<div class=\"wp-block-uagb-counter__number\"><span class=\"uagb-counter-block-suffix\">+<\/span><\/div>\r\n<div class=\"wp-block-uagb-counter__title\">Miembros del equipo<\/div>\r\n<\/div>\r\n<\/div>\r\n\r\n\r\n\r\n<div class=\"wp-block-uagb-container uagb-block-9b243be6\">\r\n<div class=\"wp-block-uagb-counter uagb-block-dd716b88 wp-block-uagb-counter--number\">\r\n<div class=\"wp-block-uagb-counter__number\"><span class=\"uagb-counter-block-suffix\">%<\/span><\/div>\r\n<div class=\"wp-block-uagb-counter__title\">Cliente satisfecho<\/div>\r\n<\/div>\r\n<\/div>\r\n\r\n\r\n\r\n<div class=\"wp-block-uagb-container uagb-block-92d8df2f\">\r\n<div class=\"wp-block-uagb-counter uagb-block-d9cb5f03 wp-block-uagb-counter--number\">\r\n<div class=\"wp-block-uagb-counter__number\"><span class=\"uagb-counter-block-suffix\">+<\/span><\/div>\r\n<div class=\"wp-block-uagb-counter__title\">Premios ganados<\/div>\r\n<\/div>\r\n<\/div>\r\n<\/div>\r\n<\/div>\r\n\r\n\r\n\r\n<div class=\"wp-block-uagb-container uagb-block-7f0c016a\">\r\n<div class=\"wp-block-uagb-advanced-heading uagb-block-8a54fc41\">\r\n<p class=\"uagb-desc-text\">Nuestra historia<\/p>\r\n<h2 class=\"uagb-heading-text\">Un viaje hacia la creatividad y la individualidad en joyer\u00eda<\/h2>\r\n<\/div>\r\n\r\n\r\n\r\n<div class=\"wp-block-uagb-advanced-heading uagb-block-a33c8efa\">\r\n<p class=\"uagb-heading-text\">Desde nuestra fundaci\u00f3n, hemos logrado capturar la atenci\u00f3n de clientes con nuestras colecciones \u00fanicas que reflejan un estilo moderno y vibrante, ayudando a muchos a encontrar su pieza ideal.<\/p>\r\n<p class=\"uagb-desc-text\">Bejewell ha transformado la experiencia de comprar joyas al ofrecer piezas \u00fanicas que celebran la individualidad. Con atenci\u00f3n meticulosa al detalle y un enfoque en la creatividad, hemos conectado con una comunidad apasionada que busca expresar su personalidad a trav\u00e9s de nuestras colecciones vibrantes y exclusivas.<\/p>\r\n<\/div>\r\n\r\n\r\n\r\n<div class=\"wp-block-uagb-image uagb-block-2cef716a wp-block-uagb-image--layout-default wp-block-uagb-image--effect-static wp-block-uagb-image--align-none\">\r\n<figure class=\"wp-block-uagb-image__figure\"><img decoding=\"async\" class=\"uag-image-56\" title=\"who-we-are\" role=\"img\" src=\"https:\/\/pixelcampus.es\/mireya\/wp-content\/uploads\/2026\/03\/17ac1a3d2438095faf61c0d4bafa83bf.jpg\" sizes=\"(max-width: 480px) 150px\" srcset=\"https:\/\/pixelcampus.es\/mireya\/wp-content\/uploads\/2026\/03\/17ac1a3d2438095faf61c0d4bafa83bf.jpg ,https:\/\/pixelcampus.es\/mireya\/wp-content\/uploads\/2026\/03\/17ac1a3d2438095faf61c0d4bafa83bf.jpg 780w, https:\/\/pixelcampus.es\/mireya\/wp-content\/uploads\/2026\/03\/17ac1a3d2438095faf61c0d4bafa83bf.jpg 360w\" alt=\"17ac1a3d2438095faf61c0d4bafa83bf\" width=\"560\" height=\"300\" \/><\/figure>\r\n<\/div>\r\n<\/div>\r\n<\/div>\r\n<\/div>\r\n\r\n\r\n\r\n<div class=\"wp-block-uagb-container uagb-layout-grid uagb-block-b73b02d3 alignfull uagb-is-root-container\">\r\n<div class=\"uagb-container-inner-blocks-wrap\">\r\n<div class=\"wp-block-uagb-container uagb-block-68004fa2\">\r\n<div class=\"wp-block-uagb-info-box uagb-block-777883ce uagb-infobox__content-wrap  uagb-infobox-icon-above-title uagb-infobox-image-valign-top\">\r\n<div class=\"uagb-ifb-content\">\r\n<div class=\"uagb-ifb-title-wrap\">\r\n<p class=\"uagb-ifb-title-prefix\">Nuestra evoluci\u00f3n<\/p>\r\n<h2 class=\"uagb-ifb-title\">La historia detr\u00e1s de Bejewell<\/h2>\r\n<\/div>\r\n<p class=\"uagb-ifb-desc\">Fundada recientemente en el coraz\u00f3n de la ciudad, Bejewell comenz\u00f3 como un sue\u00f1o de j\u00f3venes creativos. Con la misi\u00f3n de inspirar a las nuevas generaciones, hemos crecido r\u00e1pidamente, estableciendo una reputaci\u00f3n s\u00f3lida por nuestra atenci\u00f3n al detalle y dise\u00f1os modernos que han resonado en nuestros clientes.<\/p>\r\n<\/div>\r\n<\/div>\r\n<\/div>\r\n\r\n\r\n\r\n<div class=\"wp-block-uagb-image uagb-block-1c8aa24f wp-block-uagb-image--layout-default wp-block-uagb-image--effect-static wp-block-uagb-image--align-none\">\r\n<figure class=\"wp-block-uagb-image__figure\"><img decoding=\"async\" class=\"uag-image-57\" title=\"our-story\" role=\"img\" src=\"https:\/\/pixelcampus.es\/mireya\/wp-content\/uploads\/2026\/03\/1e3b1ee2612c50e5d6733abfe8885817.jpg\" sizes=\"(max-width: 480px) 150px\" srcset=\"https:\/\/pixelcampus.es\/mireya\/wp-content\/uploads\/2026\/03\/1e3b1ee2612c50e5d6733abfe8885817.jpg ,https:\/\/pixelcampus.es\/mireya\/wp-content\/uploads\/2026\/03\/1e3b1ee2612c50e5d6733abfe8885817.jpg 780w, https:\/\/pixelcampus.es\/mireya\/wp-content\/uploads\/2026\/03\/1e3b1ee2612c50e5d6733abfe8885817.jpg 360w\" alt=\"1e3b1ee2612c50e5d6733abfe8885817\" width=\"600\" height=\"500\" \/><\/figure>\r\n<\/div>\r\n<\/div>\r\n<\/div>\r\n\r\n\r\n\r\n<div class=\"wp-block-uagb-container uagb-block-1fa75ccb alignfull uagb-is-root-container\">\r\n<div class=\"uagb-container-inner-blocks-wrap\">\r\n<div class=\"wp-block-uagb-advanced-heading uagb-block-7b6eba87\">\r\n<p class=\"uagb-desc-text\">Conoce al equipo<\/p>\r\n<h2 class=\"uagb-heading-text\">El talento detr\u00e1s de nuestras joyas<\/h2>\r\n<\/div>\r\n\r\n\r\n\r\n<div class=\"wp-block-uagb-container uagb-block-04137919\">\r\n<div class=\"wp-block-uagb-container uagb-block-084b022d\">\r\n<div class=\"wp-block-uagb-image aligncenter uagb-block-403c2f68 wp-block-uagb-image--layout-default wp-block-uagb-image--effect-static wp-block-uagb-image--align-center\">\r\n<figure class=\"wp-block-uagb-image__figure\"><img loading=\"lazy\" decoding=\"async\" class=\"\" src=\"https:\/\/i.pinimg.com\/736x\/4e\/ab\/a7\/4eaba725e5a13404754c5d87b00a2d2d.jpg\" width=\"250\" height=\"334\" alt=\"4eaba725e5a13404754c5d87b00a2d2d\" title=\"About\"><\/figure>\r\n<\/div>\r\n\r\n\r\n\r\n<div class=\"wp-block-uagb-advanced-heading uagb-block-58e05184\">\r\n<h3 class=\"uagb-heading-text\">Emma Baker<\/h3>\r\n<\/div>\r\n<\/div>\r\n\r\n\r\n\r\n<div class=\"wp-block-uagb-container uagb-block-44e963c5\">\r\n<div class=\"wp-block-uagb-image aligncenter uagb-block-5a27e28d wp-block-uagb-image--layout-default wp-block-uagb-image--effect-static wp-block-uagb-image--align-center\">\r\n<figure class=\"wp-block-uagb-image__figure\"><img loading=\"lazy\" decoding=\"async\" class=\"\" src=\"https:\/\/i.pinimg.com\/736x\/12\/2d\/ed\/122ded2d3c7fb63637261cc0f6a54794.jpg\" width=\"251\" height=\"269\" alt=\"122ded2d3c7fb63637261cc0f6a54794\" title=\"About\"><\/figure>\r\n<\/div>\r\n\r\n\r\n\r\n<div class=\"wp-block-uagb-advanced-heading uagb-block-853be4b4\">\r\n<h3 class=\"uagb-heading-text\">Olivia Evans<\/h3>\r\n<\/div>\r\n<\/div>\r\n\r\n\r\n\r\n<div class=\"wp-block-uagb-container uagb-block-26984318\">\r\n<div class=\"wp-block-uagb-image aligncenter uagb-block-75afc079 wp-block-uagb-image--layout-default wp-block-uagb-image--effect-static wp-block-uagb-image--align-center\">\r\n<figure class=\"wp-block-uagb-image__figure\"><img loading=\"lazy\" decoding=\"async\" class=\"\" src=\"https:\/\/i.pinimg.com\/736x\/9d\/d5\/8a\/9dd58a62003f11d482f21a8c0b36bc16.jpg\" width=\"255\" height=\"453\" alt=\"9dd58a62003f11d482f21a8c0b36bc16\" title=\"About\"><\/figure>\r\n<\/div>\r\n\r\n\r\n\r\n<div class=\"wp-block-uagb-advanced-heading uagb-block-5c3f31ed\">\r\n<h3 class=\"uagb-heading-text\">Andrea Walker<\/h3>\r\n<\/div>\r\n<\/div>\r\n\r\n\r\n\r\n<div class=\"wp-block-uagb-container uagb-block-a9e32928\">\r\n<div class=\"wp-block-uagb-image aligncenter uagb-block-ea94a255 wp-block-uagb-image--layout-default wp-block-uagb-image--effect-static wp-block-uagb-image--align-center\">\r\n<figure class=\"wp-block-uagb-image__figure\"><img loading=\"lazy\" decoding=\"async\" class=\"\" src=\"https:\/\/i.pinimg.com\/736x\/01\/14\/56\/011456d9da6a1043c00d90f0ee5161c8.jpg\" width=\"262\" height=\"465\" alt=\"011456d9da6a1043c00d90f0ee5161c8\" title=\"About\"><\/figure>\r\n<\/div>\r\n\r\n\r\n\r\n<div class=\"wp-block-uagb-advanced-heading uagb-block-8f640a8c\">\r\n<h3 class=\"uagb-heading-text\">Alexandra Roberts<\/h3>\r\n<\/div>\r\n<\/div>\r\n<\/div>\r\n<\/div>\r\n<\/div>\r\n\r\n\r\n\n<div class=\"wp-block-uagb-container uagb-block-353480fd alignfull uagb-is-root-container\"><div class=\"uagb-container-inner-blocks-wrap\">\n<div class=\"wp-block-uagb-info-box uagb-block-289af9f9 uagb-infobox__content-wrap  uagb-infobox-icon-above-title uagb-infobox-image-valign-top\"><div class=\"uagb-ifb-content\"><div class=\"uagb-ifb-title-wrap\"><h2 class=\"uagb-ifb-title\">\u00danete a nuestra comunidad de joyer\u00eda hoy mismo<\/h2><\/div><p class=\"uagb-ifb-desc\">\u00danete a nuestra comunidad de joyer\u00eda hoy mismo<\/p><div class=\"uagb-ifb-button-wrapper wp-block-button\"><a href=\"\/contact\/\" class=\"uagb-infobox-cta-link wp-block-button__link\" target=\"_self\" rel=\"noopener noreferrer\" onclick=\"return true;\" alt=\"\"><span class=\"uagb-inline-editing\">Compra ahora<\/span><\/a><\/div><\/div><\/div>\n<\/div><\/div>\n","protected":false},"excerpt":{"rendered":"<p>Bienvenido Descubre la esencia de Bejewell y su pasi\u00f3n por las joyas Nuestra historia Un viaje hacia la creatividad y [&hellip;]<\/p>\n","protected":false},"author":1,"featured_media":0,"parent":0,"menu_order":0,"comment_status":"closed","ping_status":"closed","template":"","meta":{"_uag_custom_page_level_css":"","site-sidebar-layout":"default","site-content-layout":"","ast-site-content-layout":"default","site-content-style":"default","site-sidebar-style":"default","ast-global-header-display":"","ast-banner-title-visibility":"","ast-main-header-display":"","ast-hfb-above-header-display":"","ast-hfb-below-header-display":"","ast-hfb-mobile-header-display":"","site-post-title":"disabled","ast-breadcrumbs-content":"","ast-featured-img":"","footer-sml-layout":"","ast-disable-related-posts":"","theme-transparent-header-meta":"default","adv-header-id-meta":"","stick-header-meta":"","header-above-stick-meta":"","header-main-stick-meta":"","header-below-stick-meta":"","astra-migrate-meta-layouts":"set","ast-page-background-enabled":"default","ast-page-background-meta":{"desktop":{"background-color":"var(--ast-global-color-4)","background-image":"","background-repeat":"repeat","background-position":"center center","background-size":"auto","background-attachment":"scroll","background-type":"","background-media":"","overlay-type":"","overlay-color":"","overlay-opacity":"","overlay-gradient":""},"tablet":{"background-color":"","background-image":"","background-repeat":"repeat","background-position":"center center","background-size":"auto","background-attachment":"scroll","background-type":"","background-media":"","overlay-type":"","overlay-color":"","overlay-opacity":"","overlay-gradient":""},"mobile":{"background-color":"","background-image":"","background-repeat":"repeat","background-position":"center center","background-size":"auto","background-attachment":"scroll","background-type":"","background-media":"","overlay-type":"","overlay-color":"","overlay-opacity":"","overlay-gradient":""}},"ast-content-background-meta":{"desktop":{"background-color":"var(--ast-global-color-5)","background-image":"","background-repeat":"repeat","background-position":"center center","background-size":"auto","background-attachment":"scroll","background-type":"","background-media":"","overlay-type":"","overlay-color":"","overlay-opacity":"","overlay-gradient":""},"tablet":{"background-color":"var(--ast-global-color-5)","background-image":"","background-repeat":"repeat","background-position":"center center","background-size":"auto","background-attachment":"scroll","background-type":"","background-media":"","overlay-type":"","overlay-color":"","overlay-opacity":"","overlay-gradient":""},"mobile":{"background-color":"var(--ast-global-color-5)","background-image":"","background-repeat":"repeat","background-position":"center center","background-size":"auto","background-attachment":"scroll","background-type":"","background-media":"","overlay-type":"","overlay-color":"","overlay-opacity":"","overlay-gradient":""}},"footnotes":""},"class_list":["post-15","page","type-page","status-publish","hentry"],"uagb_featured_image_src":{"full":false,"thumbnail":false,"medium":false,"medium_large":false,"large":false,"1536x1536":false,"2048x2048":false,"woocommerce_thumbnail":false,"woocommerce_single":false,"woocommerce_gallery_thumbnail":false},"uagb_author_info":{"display_name":"admin","author_link":"https:\/\/pixelblackcursos.es\/mireya\/author\/admin\/"},"uagb_comment_info":0,"uagb_excerpt":"Bienvenido Descubre la esencia de Bejewell y su pasi\u00f3n por las joyas Nuestra historia Un viaje hacia la creatividad y [&hellip;]","_links":{"self":[{"href":"https:\/\/pixelblackcursos.es\/mireya\/wp-json\/wp\/v2\/pages\/15","targetHints":{"allow":["GET"]}}],"collection":[{"href":"https:\/\/pixelblackcursos.es\/mireya\/wp-json\/wp\/v2\/pages"}],"about":[{"href":"https:\/\/pixelblackcursos.es\/mireya\/wp-json\/wp\/v2\/types\/page"}],"author":[{"embeddable":true,"href":"https:\/\/pixelblackcursos.es\/mireya\/wp-json\/wp\/v2\/users\/1"}],"replies":[{"embeddable":true,"href":"https:\/\/pixelblackcursos.es\/mireya\/wp-json\/wp\/v2\/comments?post=15"}],"version-history":[{"count":5,"href":"https:\/\/pixelblackcursos.es\/mireya\/wp-json\/wp\/v2\/pages\/15\/revisions"}],"predecessor-version":[{"id":312,"href":"https:\/\/pixelblackcursos.es\/mireya\/wp-json\/wp\/v2\/pages\/15\/revisions\/312"}],"wp:attachment":[{"href":"https:\/\/pixelblackcursos.es\/mireya\/wp-json\/wp\/v2\/media?parent=15"}],"curies":[{"name":"wp","href":"https:\/\/api.w.org\/{rel}","templated":true}]}}